{"id":23,"date":"2025-09-16T14:34:24","date_gmt":"2025-09-16T14:34:24","guid":{"rendered":"https:\/\/staging.pilgrim-gmbh.de\/?page_id=23"},"modified":"2025-12-05T11:35:49","modified_gmt":"2025-12-05T10:35:49","slug":"start","status":"publish","type":"page","link":"https:\/\/staging.pilgrim-gmbh.de\/","title":{"rendered":"Start"},"content":{"rendered":"\n<div class=\"wp-block-uagb-container uagb-block-766f8dd2 alignfull uagb-is-root-container\">\n<h1 class=\"wp-block-heading has-text-align-center\" style=\"border-style:none;border-width:0px;font-style:normal;font-weight:600\">Pr\u00e4zision mit Tradition<\/h1>\n<\/div>\n\n\n\n<div class=\"wp-block-uagb-container uagb-block-51491951 alignfull uagb-is-root-container\">\n<div class=\"wp-block-uagb-container uagb-block-a4a8c33e\">\n<p class=\"has-small-font-size\" style=\"font-style:normal;font-weight:600\">Mit gro\u00dfer Erfahrung und neuester Technik erf\u00fcllen wir bei Paul Pilgrim Ihre Auftr\u00e4ge. Nach Ma\u00df und getreu Ihren individuellen Vorgaben. Dabei k\u00f6nnen wir praktisch jeden Werkstoff bearbeiten: Stahl, Edelstahl, Guss, Messing, Aluminium, Hartgewebe, Holz sowie viele Arten von Kunststoffen.<\/p>\n<\/div>\n\n\n\n<div class=\"wp-block-uagb-image aligncenter uagb-block-e8d43fee wp-block-uagb-image--layout-default wp-block-uagb-image--effect-static wp-block-uagb-image--align-center\"><figure class=\"wp-block-uagb-image__figure\"><img loading=\"lazy\" decoding=\"async\" srcset=\"https:\/\/staging.pilgrim-gmbh.de\/wp-content\/uploads\/2025\/11\/pilgrim_body_frontpage.png ,https:\/\/staging.pilgrim-gmbh.de\/wp-content\/uploads\/2025\/11\/pilgrim_body_frontpage.png 780w, https:\/\/staging.pilgrim-gmbh.de\/wp-content\/uploads\/2025\/11\/pilgrim_body_frontpage.png 360w\" sizes=\"auto, (max-width: 480px) 150px\" src=\"https:\/\/staging.pilgrim-gmbh.de\/wp-content\/uploads\/2025\/11\/pilgrim_body_frontpage.png\" alt=\"\" class=\"uag-image-294\" width=\"360\" height=\"250\" title=\"PILGRIM Body Frontpage\" role=\"img\"\/><\/figure><\/div>\n<\/div>\n","protected":false},"excerpt":{"rendered":"<p>Pr\u00e4zision mit Tradition Mit gro\u00dfer Erfahrung und neuester Technik erf\u00fcllen wir bei Paul Pilgrim Ihre Auftr\u00e4ge. Nach Ma\u00df und getreu Ihren individuellen Vorgaben. Dabei k\u00f6nnen wir praktisch jeden Werkstoff bearbeiten: Stahl, Edelstahl, Guss, Messing, Aluminium, Hartgewebe, Holz sowie viele Arten von Kunststoffen.<\/p>\n","protected":false},"author":2,"featured_media":0,"parent":0,"menu_order":0,"comment_status":"closed","ping_status":"closed","template":"","meta":{"_uag_custom_page_level_css":"","_swt_meta_header_display":false,"_swt_meta_footer_display":false,"_swt_meta_site_title_display":false,"_swt_meta_sticky_header":false,"_swt_meta_transparent_header":false,"footnotes":""},"class_list":["post-23","page","type-page","status-publish","hentry"],"uagb_featured_image_src":{"full":false,"thumbnail":false,"medium":false,"medium_large":false,"large":false,"1536x1536":false,"2048x2048":false},"uagb_author_info":{"display_name":"Sascha Pieper","author_link":"https:\/\/staging.pilgrim-gmbh.de\/?author=2"},"uagb_comment_info":0,"uagb_excerpt":"Pr\u00e4zision mit Tradition Mit gro\u00dfer Erfahrung und neuester Technik erf\u00fcllen wir bei Paul Pilgrim Ihre Auftr\u00e4ge. Nach Ma\u00df und getreu Ihren individuellen Vorgaben. Dabei k\u00f6nnen wir praktisch jeden Werkstoff bearbeiten: Stahl, Edelstahl, Guss, Messing, Aluminium, Hartgewebe, Holz sowie viele Arten von Kunststoffen.","_links":{"self":[{"href":"https:\/\/staging.pilgrim-gmbh.de\/index.php?rest_route=\/wp\/v2\/pages\/23","targetHints":{"allow":["GET"]}}],"collection":[{"href":"https:\/\/staging.pilgrim-gmbh.de\/index.php?rest_route=\/wp\/v2\/pages"}],"about":[{"href":"https:\/\/staging.pilgrim-gmbh.de\/index.php?rest_route=\/wp\/v2\/types\/page"}],"author":[{"embeddable":true,"href":"https:\/\/staging.pilgrim-gmbh.de\/index.php?rest_route=\/wp\/v2\/users\/2"}],"replies":[{"embeddable":true,"href":"https:\/\/staging.pilgrim-gmbh.de\/index.php?rest_route=%2Fwp%2Fv2%2Fcomments&post=23"}],"version-history":[{"count":56,"href":"https:\/\/staging.pilgrim-gmbh.de\/index.php?rest_route=\/wp\/v2\/pages\/23\/revisions"}],"predecessor-version":[{"id":579,"href":"https:\/\/staging.pilgrim-gmbh.de\/index.php?rest_route=\/wp\/v2\/pages\/23\/revisions\/579"}],"wp:attachment":[{"href":"https:\/\/staging.pilgrim-gmbh.de\/index.php?rest_route=%2Fwp%2Fv2%2Fmedia&parent=23"}],"curies":[{"name":"wp","href":"https:\/\/api.w.org\/{rel}","templated":true}]}}