{"id":30,"date":"2025-09-16T14:56:06","date_gmt":"2025-09-16T14:56:06","guid":{"rendered":"https:\/\/staging.pilgrim-gmbh.de\/?page_id=30"},"modified":"2025-12-05T11:48:46","modified_gmt":"2025-12-05T10:48:46","slug":"ueber-uns","status":"publish","type":"page","link":"https:\/\/staging.pilgrim-gmbh.de\/?page_id=30","title":{"rendered":"\u00dcber uns"},"content":{"rendered":"\n<div class=\"wp-block-uagb-container uagb-block-98965a05 alignfull uagb-is-root-container\">\n<h1 class=\"wp-block-heading has-text-align-center\" style=\"border-style:none;border-width:0px\">Paul Pilgrim GmbH \u2013 Pr\u00e4zision mit Tradition<\/h1>\n<\/div>\n\n\n\n<div class=\"wp-block-uagb-container uagb-block-45d2516c alignfull uagb-is-root-container\">\n<div class=\"wp-block-uagb-container uagb-block-35275b24\">\n<p class=\"has-text-align-left has-small-font-size\" style=\"font-style:normal;font-weight:500\">Die Paul Pilgrim GmbH &amp; Co. KG wurde 1938 von dem Schlosser Paul Pilgrim gegr\u00fcndet. Zwanzig Jahre sp\u00e4ter \u00fcbernahm der Industriekaufmann und Maschinenschlosser Helmut Honsel, der Schwiegersohn von Paul Pilgrim, die F\u00fchrung des Unternehmens.<br><br>Seit 2000 wird das Unternehmen in dritter Generation von der Gr\u00fcnderfamilie gef\u00fchrt \u2013 aktuell unter der Leitung von Dipl.-Ing. Dag Honsel. Mit rund 30 engagierten Mitarbeitenden produzieren wir ma\u00dfgeschneiderte Zahn- und Kegelr\u00e4der sowie Antriebselemente, die vor allem im Maschinen- und Anlagenbau zum Einsatz kommen.<br><br>Dank der langj\u00e4hrigen Erfahrung und der hohen Flexibilit\u00e4t unserer Fachkr\u00e4fte sind wir in der Lage, nahezu jeden Kundenwunsch zu realisieren \u2013 ganz nach Ihren individuellen Anforderungen. Wir verarbeiten eine Vielzahl von Materialien: von Stahl und Edelstahl \u00fcber Guss, Messing und Aluminium bis hin zu Hartgewebe, Holz und vielen Kunststoffarten.<\/p>\n<\/div>\n\n\n\n<div class=\"wp-block-uagb-image aligncenter uagb-block-afa037a7 wp-block-uagb-image--layout-default wp-block-uagb-image--effect-static wp-block-uagb-image--align-center\"><figure class=\"wp-block-uagb-image__figure\"><img loading=\"lazy\" decoding=\"async\" srcset=\"https:\/\/staging.pilgrim-gmbh.de\/wp-content\/uploads\/2025\/11\/pilgrim_body_ueberuns.png ,https:\/\/staging.pilgrim-gmbh.de\/wp-content\/uploads\/2025\/11\/pilgrim_body_ueberuns.png 780w, https:\/\/staging.pilgrim-gmbh.de\/wp-content\/uploads\/2025\/11\/pilgrim_body_ueberuns.png 360w\" sizes=\"auto, (max-width: 480px) 150px\" src=\"https:\/\/staging.pilgrim-gmbh.de\/wp-content\/uploads\/2025\/11\/pilgrim_body_ueberuns.png\" alt=\"\" class=\"uag-image-319\" width=\"350\" height=\"250\" title=\"pilgrim_body_\u00fcberuns\" role=\"img\"\/><\/figure><\/div>\n<\/div>\n","protected":false},"excerpt":{"rendered":"<p>Paul Pilgrim GmbH \u2013 Pr\u00e4zision mit Tradition Die Paul Pilgrim GmbH &amp; Co. KG wurde 1938 von dem Schlosser Paul Pilgrim gegr\u00fcndet. Zwanzig Jahre sp\u00e4ter \u00fcbernahm der Industriekaufmann und Maschinenschlosser Helmut Honsel, der Schwiegersohn von Paul Pilgrim, die F\u00fchrung des Unternehmens. Seit 2000 wird das Unternehmen in dritter Generation von der Gr\u00fcnderfamilie gef\u00fchrt \u2013 aktuell [&hellip;]<\/p>\n","protected":false},"author":2,"featured_media":0,"parent":0,"menu_order":0,"comment_status":"closed","ping_status":"closed","template":"","meta":{"_uag_custom_page_level_css":"","_swt_meta_header_display":false,"_swt_meta_footer_display":false,"_swt_meta_site_title_display":false,"_swt_meta_sticky_header":false,"_swt_meta_transparent_header":false,"footnotes":""},"class_list":["post-30","page","type-page","status-publish","hentry"],"uagb_featured_image_src":{"full":false,"thumbnail":false,"medium":false,"medium_large":false,"large":false,"1536x1536":false,"2048x2048":false},"uagb_author_info":{"display_name":"Sascha Pieper","author_link":"https:\/\/staging.pilgrim-gmbh.de\/?author=2"},"uagb_comment_info":0,"uagb_excerpt":"Paul Pilgrim GmbH \u2013 Pr\u00e4zision mit Tradition Die Paul Pilgrim GmbH &amp; Co. KG wurde 1938 von dem Schlosser Paul Pilgrim gegr\u00fcndet. Zwanzig Jahre sp\u00e4ter \u00fcbernahm der Industriekaufmann und Maschinenschlosser Helmut Honsel, der Schwiegersohn von Paul Pilgrim, die F\u00fchrung des Unternehmens. Seit 2000 wird das Unternehmen in dritter Generation von der Gr\u00fcnderfamilie gef\u00fchrt \u2013 aktuell&hellip;","_links":{"self":[{"href":"https:\/\/staging.pilgrim-gmbh.de\/index.php?rest_route=\/wp\/v2\/pages\/30","targetHints":{"allow":["GET"]}}],"collection":[{"href":"https:\/\/staging.pilgrim-gmbh.de\/index.php?rest_route=\/wp\/v2\/pages"}],"about":[{"href":"https:\/\/staging.pilgrim-gmbh.de\/index.php?rest_route=\/wp\/v2\/types\/page"}],"author":[{"embeddable":true,"href":"https:\/\/staging.pilgrim-gmbh.de\/index.php?rest_route=\/wp\/v2\/users\/2"}],"replies":[{"embeddable":true,"href":"https:\/\/staging.pilgrim-gmbh.de\/index.php?rest_route=%2Fwp%2Fv2%2Fcomments&post=30"}],"version-history":[{"count":7,"href":"https:\/\/staging.pilgrim-gmbh.de\/index.php?rest_route=\/wp\/v2\/pages\/30\/revisions"}],"predecessor-version":[{"id":580,"href":"https:\/\/staging.pilgrim-gmbh.de\/index.php?rest_route=\/wp\/v2\/pages\/30\/revisions\/580"}],"wp:attachment":[{"href":"https:\/\/staging.pilgrim-gmbh.de\/index.php?rest_route=%2Fwp%2Fv2%2Fmedia&parent=30"}],"curies":[{"name":"wp","href":"https:\/\/api.w.org\/{rel}","templated":true}]}}