{"id":36,"date":"2025-09-16T15:02:14","date_gmt":"2025-09-16T15:02:14","guid":{"rendered":"https:\/\/staging.pilgrim-gmbh.de\/?page_id=36"},"modified":"2025-12-05T12:08:00","modified_gmt":"2025-12-05T11:08:00","slug":"fertigung","status":"publish","type":"page","link":"https:\/\/staging.pilgrim-gmbh.de\/?page_id=36","title":{"rendered":"Fertigung"},"content":{"rendered":"\n<div class=\"wp-block-uagb-container uagb-block-c6458f76 alignfull uagb-is-root-container\">\n<h1 class=\"wp-block-heading has-text-align-center\" style=\"border-style:none;border-width:0px\">Unsere Fertigungsm\u00f6glichkeiten<\/h1>\n<\/div>\n\n\n\n<div class=\"wp-block-uagb-container uagb-block-810f7e6d alignfull uagb-is-root-container\">\n<div class=\"wp-block-uagb-container uagb-layout-flex uagb-block-bd1569a4\">\n<p class=\"has-small-font-size\" style=\"font-style:normal;font-weight:500\">Mit gro\u00dfer Erfahrung und neuester Technik erf\u00fcllen wir bei Paul Pilgrim Ihre Auftr\u00e4ge. Nach Ma\u00df und getreu Ihren individuellen Vorgaben. Dabei k\u00f6nnen wir praktisch jeden Werkstoff bearbeiten: Stahl, Edelstahl, Guss, Bronze, Messing, Aluminium, Hartgewebe, Holz sowie viele Arten von Kunststoffen.<br><br>Neben unserer Erfahrung macht auch die Qualit\u00e4t der bei uns eingesetzten Maschinen einen Unterschied.<br><br>Die <strong>Kegelradfr\u00e4smaschine Klingelnberg KNC 60<\/strong> wurde als Universalmaschine zur Herstellung von Kegelr\u00e4dern im Bereich Landmaschinen, Baumaschinen, Windkraftgetriebe, Werkzeugmaschinen, Bergwerktechnik, Flugzeuge, Textilmaschinen etc. entwickelt. Sie kann sowohl f\u00fcr Einzelfertigung, Kleinserienfertigung als auch f\u00fcr die Massenfertigung eingesetzt werden. Im Jahr 2024 wurde die KNC 60 einem Retrofit der Firma Klingelnberg unterzogen. Neben einer neuen Steuerung wurde die komplette Elektronik bzw. Sensorik ausgetauscht. Ein Abstimmen der neuen Antriebe und eine Vermessung der Geometrie haben das Retrofit komplett gemacht. Dadurch ist sie ausgelegt f\u00fcr h\u00f6chste Leistung und Genauigkeit bei flexibler Fertigung.<br><br>Des Weiteren sind wir mit dem hochdynamischen Bearbeitungszentrum <strong>DEPO HF 1212<\/strong> in Gantry-Bauweise in der Lage, zahlreiche Fertigungstechniken schnell und in h\u00f6chster Pr\u00e4zision f\u00fcr Sie einzusetzen. Bei einem Werkst\u00fcckgewicht bis zu 5.000 kg.<\/p>\n<\/div>\n\n\n\n<div class=\"wp-block-uagb-image aligncenter uagb-block-a460fda6 wp-block-uagb-image--layout-default wp-block-uagb-image--effect-static wp-block-uagb-image--align-center\"><figure class=\"wp-block-uagb-image__figure\"><img loading=\"lazy\" decoding=\"async\" srcset=\"https:\/\/staging.pilgrim-gmbh.de\/wp-content\/uploads\/2025\/11\/pilgrim_body_fertigung.png ,https:\/\/staging.pilgrim-gmbh.de\/wp-content\/uploads\/2025\/11\/pilgrim_body_fertigung.png 780w, https:\/\/staging.pilgrim-gmbh.de\/wp-content\/uploads\/2025\/11\/pilgrim_body_fertigung.png 360w\" sizes=\"auto, (max-width: 480px) 150px\" src=\"https:\/\/staging.pilgrim-gmbh.de\/wp-content\/uploads\/2025\/11\/pilgrim_body_fertigung.png\" alt=\"\" class=\"uag-image-341\" width=\"350\" height=\"250\" title=\"pilgrim_body_fertigung\" role=\"img\"\/><\/figure><\/div>\n<\/div>\n","protected":false},"excerpt":{"rendered":"<p>Unsere Fertigungsm\u00f6glichkeiten Mit gro\u00dfer Erfahrung und neuester Technik erf\u00fcllen wir bei Paul Pilgrim Ihre Auftr\u00e4ge. Nach Ma\u00df und getreu Ihren individuellen Vorgaben. Dabei k\u00f6nnen wir praktisch jeden Werkstoff bearbeiten: Stahl, Edelstahl, Guss, Bronze, Messing, Aluminium, Hartgewebe, Holz sowie viele Arten von Kunststoffen. Neben unserer Erfahrung macht auch die Qualit\u00e4t der bei uns eingesetzten Maschinen einen [&hellip;]<\/p>\n","protected":false},"author":2,"featured_media":0,"parent":0,"menu_order":0,"comment_status":"closed","ping_status":"closed","template":"","meta":{"_uag_custom_page_level_css":"","_swt_meta_header_display":false,"_swt_meta_footer_display":false,"_swt_meta_site_title_display":false,"_swt_meta_sticky_header":false,"_swt_meta_transparent_header":false,"footnotes":""},"class_list":["post-36","page","type-page","status-publish","hentry"],"uagb_featured_image_src":{"full":false,"thumbnail":false,"medium":false,"medium_large":false,"large":false,"1536x1536":false,"2048x2048":false},"uagb_author_info":{"display_name":"Sascha Pieper","author_link":"https:\/\/staging.pilgrim-gmbh.de\/?author=2"},"uagb_comment_info":0,"uagb_excerpt":"Unsere Fertigungsm\u00f6glichkeiten Mit gro\u00dfer Erfahrung und neuester Technik erf\u00fcllen wir bei Paul Pilgrim Ihre Auftr\u00e4ge. Nach Ma\u00df und getreu Ihren individuellen Vorgaben. Dabei k\u00f6nnen wir praktisch jeden Werkstoff bearbeiten: Stahl, Edelstahl, Guss, Bronze, Messing, Aluminium, Hartgewebe, Holz sowie viele Arten von Kunststoffen. Neben unserer Erfahrung macht auch die Qualit\u00e4t der bei uns eingesetzten Maschinen einen&hellip;","_links":{"self":[{"href":"https:\/\/staging.pilgrim-gmbh.de\/index.php?rest_route=\/wp\/v2\/pages\/36","targetHints":{"allow":["GET"]}}],"collection":[{"href":"https:\/\/staging.pilgrim-gmbh.de\/index.php?rest_route=\/wp\/v2\/pages"}],"about":[{"href":"https:\/\/staging.pilgrim-gmbh.de\/index.php?rest_route=\/wp\/v2\/types\/page"}],"author":[{"embeddable":true,"href":"https:\/\/staging.pilgrim-gmbh.de\/index.php?rest_route=\/wp\/v2\/users\/2"}],"replies":[{"embeddable":true,"href":"https:\/\/staging.pilgrim-gmbh.de\/index.php?rest_route=%2Fwp%2Fv2%2Fcomments&post=36"}],"version-history":[{"count":12,"href":"https:\/\/staging.pilgrim-gmbh.de\/index.php?rest_route=\/wp\/v2\/pages\/36\/revisions"}],"predecessor-version":[{"id":591,"href":"https:\/\/staging.pilgrim-gmbh.de\/index.php?rest_route=\/wp\/v2\/pages\/36\/revisions\/591"}],"wp:attachment":[{"href":"https:\/\/staging.pilgrim-gmbh.de\/index.php?rest_route=%2Fwp%2Fv2%2Fmedia&parent=36"}],"curies":[{"name":"wp","href":"https:\/\/api.w.org\/{rel}","templated":true}]}}