{"id":39,"date":"2025-09-16T15:03:45","date_gmt":"2025-09-16T15:03:45","guid":{"rendered":"https:\/\/staging.pilgrim-gmbh.de\/?page_id=39"},"modified":"2025-12-05T12:10:09","modified_gmt":"2025-12-05T11:10:09","slug":"qualitaetskontrolle","status":"publish","type":"page","link":"https:\/\/staging.pilgrim-gmbh.de\/?page_id=39","title":{"rendered":"Qualit\u00e4tskontrolle"},"content":{"rendered":"\n<div class=\"wp-block-uagb-container uagb-block-70c72b34 alignfull uagb-is-root-container\">\n<h1 class=\"wp-block-heading has-text-align-center\" style=\"border-style:none;border-width:0px\">Qualit\u00e4tskontrolle auf der H\u00f6he der Zeit<\/h1>\n<\/div>\n\n\n\n<div class=\"wp-block-uagb-container uagb-block-cc51e37a alignfull uagb-is-root-container\">\n<div class=\"wp-block-uagb-container uagb-block-8db7bd8c\">\n<p class=\"has-small-font-size\" style=\"font-style:normal;font-weight:500\">Qualit\u00e4t entsteht bei uns im Haus durch pr\u00e4zises Arbeiten einerseits und sorgf\u00e4ltige Pr\u00fcfung andererseits. Dabei setzen unsere qualifizierten Fachkr\u00e4fte nicht zuletzt auf moderne Technik:<br><br>&#8211; Schleifbrandpr\u00fcfung nach Barkhausenrauschen<br>F\u00fcr die schnelle Analyse von feinbearbeiteten Oberfl\u00e4chen aus geh\u00e4rtetem Stahl kommt das Rollscan R 300 der Firma Stresstech zum Einsatz.<br><br>&#8211; Zerst\u00f6rungsfreie Risspr\u00fcfung mit dem Magnetpulverpr\u00fcfverfahren<br>Zertifiziert nach DIN EN ISO 9712 (MT2)<br><br>&#8211; Vermessung von Bauteilen mit modernen Handmessmitteln<br><br>&#8211; Kennzeichnung von Bauteilen mit dem mobilen Nadelpr\u00e4ger (Nill &amp; Ritz) und mit einem station\u00e4ren Laserbeschriftungsger\u00e4t (MSW Lasertechnik)<br><br>&#8211; Dokumentenerstellung nach Kundenwunsch und Bedarfsfall<br>\u2022 Werksbescheinigung nach EN 10204-2.2<br>\u2022 Werksbescheinigung nach EN 10204-3.1<br>\u2022 H\u00e4rteprotokoll<br>\u2022 Ma\u00dfprotokoll<br>\u2022 Verzahnungsprotokoll<br>\u2022 Tragbildfoto<br>\u2022 Risspr\u00fcfung<br>\u2022 Schleifbrandpr\u00fcfung<\/p>\n<\/div>\n\n\n\n<div class=\"wp-block-uagb-image aligncenter uagb-block-121deaa3 wp-block-uagb-image--layout-default wp-block-uagb-image--effect-static wp-block-uagb-image--align-center\"><figure class=\"wp-block-uagb-image__figure\"><img loading=\"lazy\" decoding=\"async\" srcset=\"https:\/\/staging.pilgrim-gmbh.de\/wp-content\/uploads\/2025\/11\/pilgrim_body_qualitaetskontrolle.png ,https:\/\/staging.pilgrim-gmbh.de\/wp-content\/uploads\/2025\/11\/pilgrim_body_qualitaetskontrolle.png 780w, https:\/\/staging.pilgrim-gmbh.de\/wp-content\/uploads\/2025\/11\/pilgrim_body_qualitaetskontrolle.png 360w\" sizes=\"auto, (max-width: 480px) 150px\" src=\"https:\/\/staging.pilgrim-gmbh.de\/wp-content\/uploads\/2025\/11\/pilgrim_body_qualitaetskontrolle.png\" alt=\"\" class=\"uag-image-346\" width=\"350\" height=\"250\" title=\"pilgrim_body_qualitaetskontrolle\" role=\"img\"\/><\/figure><\/div>\n<\/div>\n","protected":false},"excerpt":{"rendered":"<p>Qualit\u00e4tskontrolle auf der H\u00f6he der Zeit Qualit\u00e4t entsteht bei uns im Haus durch pr\u00e4zises Arbeiten einerseits und sorgf\u00e4ltige Pr\u00fcfung andererseits. Dabei setzen unsere qualifizierten Fachkr\u00e4fte nicht zuletzt auf moderne Technik: &#8211; Schleifbrandpr\u00fcfung nach BarkhausenrauschenF\u00fcr die schnelle Analyse von feinbearbeiteten Oberfl\u00e4chen aus geh\u00e4rtetem Stahl kommt das Rollscan R 300 der Firma Stresstech zum Einsatz. &#8211; Zerst\u00f6rungsfreie [&hellip;]<\/p>\n","protected":false},"author":2,"featured_media":0,"parent":0,"menu_order":0,"comment_status":"closed","ping_status":"closed","template":"","meta":{"_uag_custom_page_level_css":"","_swt_meta_header_display":false,"_swt_meta_footer_display":false,"_swt_meta_site_title_display":false,"_swt_meta_sticky_header":false,"_swt_meta_transparent_header":false,"footnotes":""},"class_list":["post-39","page","type-page","status-publish","hentry"],"uagb_featured_image_src":{"full":false,"thumbnail":false,"medium":false,"medium_large":false,"large":false,"1536x1536":false,"2048x2048":false},"uagb_author_info":{"display_name":"Sascha Pieper","author_link":"https:\/\/staging.pilgrim-gmbh.de\/?author=2"},"uagb_comment_info":0,"uagb_excerpt":"Qualit\u00e4tskontrolle auf der H\u00f6he der Zeit Qualit\u00e4t entsteht bei uns im Haus durch pr\u00e4zises Arbeiten einerseits und sorgf\u00e4ltige Pr\u00fcfung andererseits. Dabei setzen unsere qualifizierten Fachkr\u00e4fte nicht zuletzt auf moderne Technik: &#8211; Schleifbrandpr\u00fcfung nach BarkhausenrauschenF\u00fcr die schnelle Analyse von feinbearbeiteten Oberfl\u00e4chen aus geh\u00e4rtetem Stahl kommt das Rollscan R 300 der Firma Stresstech zum Einsatz. &#8211; Zerst\u00f6rungsfreie&hellip;","_links":{"self":[{"href":"https:\/\/staging.pilgrim-gmbh.de\/index.php?rest_route=\/wp\/v2\/pages\/39","targetHints":{"allow":["GET"]}}],"collection":[{"href":"https:\/\/staging.pilgrim-gmbh.de\/index.php?rest_route=\/wp\/v2\/pages"}],"about":[{"href":"https:\/\/staging.pilgrim-gmbh.de\/index.php?rest_route=\/wp\/v2\/types\/page"}],"author":[{"embeddable":true,"href":"https:\/\/staging.pilgrim-gmbh.de\/index.php?rest_route=\/wp\/v2\/users\/2"}],"replies":[{"embeddable":true,"href":"https:\/\/staging.pilgrim-gmbh.de\/index.php?rest_route=%2Fwp%2Fv2%2Fcomments&post=39"}],"version-history":[{"count":13,"href":"https:\/\/staging.pilgrim-gmbh.de\/index.php?rest_route=\/wp\/v2\/pages\/39\/revisions"}],"predecessor-version":[{"id":593,"href":"https:\/\/staging.pilgrim-gmbh.de\/index.php?rest_route=\/wp\/v2\/pages\/39\/revisions\/593"}],"wp:attachment":[{"href":"https:\/\/staging.pilgrim-gmbh.de\/index.php?rest_route=%2Fwp%2Fv2%2Fmedia&parent=39"}],"curies":[{"name":"wp","href":"https:\/\/api.w.org\/{rel}","templated":true}]}}