{"id":476,"date":"2025-11-05T16:30:54","date_gmt":"2025-11-05T15:30:54","guid":{"rendered":"https:\/\/staging.pilgrim-gmbh.de\/?page_id=476"},"modified":"2025-12-05T11:51:29","modified_gmt":"2025-12-05T10:51:29","slug":"fraesen","status":"publish","type":"page","link":"https:\/\/staging.pilgrim-gmbh.de\/?page_id=476","title":{"rendered":"Fr\u00e4sen"},"content":{"rendered":"\n<div class=\"wp-block-uagb-container uagb-block-b7b17e76 alignfull uagb-is-root-container\">\n<h1 class=\"wp-block-heading has-text-align-center\" style=\"border-style:none;border-width:0px\">Fr\u00e4sen<\/h1>\n<\/div>\n\n\n\n<div class=\"wp-block-uagb-container uagb-block-cc51e37a alignfull uagb-is-root-container\">\n<div class=\"wp-block-uagb-container uagb-block-8db7bd8c\">\n<p class=\"has-text-align-left has-small-font-size\" style=\"font-style:normal;font-weight:500\">Unsere Leistungen umfassen neben dem traditionellen Verzahnen im Abw\u00e4lzverfahren auch das moderne Fr\u00e4sen von Zahn- und Kegelr\u00e4dern im Freiformverfahren. Dies erfolgt auf einem hochpr\u00e4zisen 5-Achsen-Bearbeitungszentrum, das es uns erm\u00f6glicht, eine Vielzahl an Zahnformen, -profilen und -tragbildern nach individuellen Anforderungen zu fertigen.<br><br>Unsere Fertigungsm\u00f6glichkeiten, k\u00f6nnen Sie an Hand der Maschinenaufstellung sehen.<\/p>\n\n\n\n<figure class=\"wp-block-table is-style-stripes\"><table class=\"has-fixed-layout\"><thead><tr><th>Abw\u00e4lzfr\u00e4smaschinen<\/th><th><\/th><\/tr><\/thead><tbody><tr><td>Pfauter<\/td><td>P1503\/1800B<\/td><\/tr><tr><td>Pfauter<\/td><td>P900<\/td><\/tr><tr><td>Pfauter<\/td><td>P400<\/td><\/tr><tr><td>Pfauter<\/td><td>PE250C<\/td><\/tr><\/tbody><\/table><\/figure>\n\n\n\n<figure class=\"wp-block-table is-style-stripes\"><table class=\"has-fixed-layout\"><thead><tr><th>Langgewindefr\u00e4smasch.<\/th><th><\/th><\/tr><\/thead><tbody><tr><td>Wanderer<\/td><td>\u00d8 400\/600&#215;3000<\/td><\/tr><tr><td>Wanderer<\/td><td>\u00d8 320\/600&#215;3000<\/td><\/tr><tr><td>Wanderer<\/td><td>\u00d8 200\/320&#215;1000<\/td><\/tr><\/tbody><\/table><\/figure>\n\n\n\n<figure class=\"wp-block-table is-style-stripes\"><table class=\"has-fixed-layout\"><thead><tr><th>Zahnstangenfr\u00e4smasch.<\/th><th><\/th><\/tr><\/thead><tbody><tr><td>Kapp<\/td><td>UZFM 300 H (bis Modul 10)<\/td><\/tr><\/tbody><\/table><\/figure>\n\n\n\n<figure class=\"wp-block-table is-style-stripes\"><table class=\"has-fixed-layout\"><thead><tr><th>Universalfr\u00e4smaschine<\/th><th><\/th><\/tr><\/thead><tbody><tr><td>Lagun<\/td><td>FU 1400&#215;340<\/td><\/tr><\/tbody><\/table><\/figure>\n\n\n\n<figure class=\"wp-block-table is-style-stripes\"><table class=\"has-fixed-layout\"><thead><tr><th>Nutenfr\u00e4smaschine<\/th><th><\/th><\/tr><\/thead><tbody><tr><td>Busch<\/td><td>NF1<\/td><\/tr><\/tbody><\/table><\/figure>\n<\/div>\n\n\n\n<div class=\"wp-block-uagb-container uagb-block-d139fe09\">\n<div class=\"wp-block-uagb-image aligncenter uagb-block-121deaa3 wp-block-uagb-image--layout-default wp-block-uagb-image--effect-static wp-block-uagb-image--align-center\"><figure class=\"wp-block-uagb-image__figure\"><img loading=\"lazy\" decoding=\"async\" srcset=\"https:\/\/staging.pilgrim-gmbh.de\/wp-content\/uploads\/2025\/11\/pilgrim_body_fraesen01.png ,https:\/\/staging.pilgrim-gmbh.de\/wp-content\/uploads\/2025\/11\/pilgrim_body_fraesen01.png 780w, https:\/\/staging.pilgrim-gmbh.de\/wp-content\/uploads\/2025\/11\/pilgrim_body_fraesen01.png 360w\" sizes=\"auto, (max-width: 480px) 150px\" src=\"https:\/\/staging.pilgrim-gmbh.de\/wp-content\/uploads\/2025\/11\/pilgrim_body_fraesen01.png\" alt=\"\" class=\"uag-image-477\" width=\"350\" height=\"250\" title=\"pilgrim_body_fraesen01\" role=\"img\"\/><\/figure><\/div>\n\n\n\n<div class=\"wp-block-uagb-image aligncenter uagb-block-2ebd01ad wp-block-uagb-image--layout-default wp-block-uagb-image--effect-static wp-block-uagb-image--align-center\"><figure class=\"wp-block-uagb-image__figure\"><img loading=\"lazy\" decoding=\"async\" srcset=\"https:\/\/staging.pilgrim-gmbh.de\/wp-content\/uploads\/2025\/11\/pilgrim_body_fraesen02.png ,https:\/\/staging.pilgrim-gmbh.de\/wp-content\/uploads\/2025\/11\/pilgrim_body_fraesen02.png 780w, https:\/\/staging.pilgrim-gmbh.de\/wp-content\/uploads\/2025\/11\/pilgrim_body_fraesen02.png 360w\" sizes=\"auto, (max-width: 480px) 150px\" src=\"https:\/\/staging.pilgrim-gmbh.de\/wp-content\/uploads\/2025\/11\/pilgrim_body_fraesen02.png\" alt=\"\" class=\"uag-image-478\" width=\"350\" height=\"250\" title=\"pilgrim_body_fraesen02\" role=\"img\"\/><\/figure><\/div>\n<\/div>\n<\/div>\n","protected":false},"excerpt":{"rendered":"<p>Fr\u00e4sen Unsere Leistungen umfassen neben dem traditionellen Verzahnen im Abw\u00e4lzverfahren auch das moderne Fr\u00e4sen von Zahn- und Kegelr\u00e4dern im Freiformverfahren. Dies erfolgt auf einem hochpr\u00e4zisen 5-Achsen-Bearbeitungszentrum, das es uns erm\u00f6glicht, eine Vielzahl an Zahnformen, -profilen und -tragbildern nach individuellen Anforderungen zu fertigen. Unsere Fertigungsm\u00f6glichkeiten, k\u00f6nnen Sie an Hand der Maschinenaufstellung sehen. Abw\u00e4lzfr\u00e4smaschinen Pfauter P1503\/1800B Pfauter [&hellip;]<\/p>\n","protected":false},"author":2,"featured_media":0,"parent":0,"menu_order":0,"comment_status":"closed","ping_status":"closed","template":"","meta":{"_uag_custom_page_level_css":"","_swt_meta_header_display":false,"_swt_meta_footer_display":false,"_swt_meta_site_title_display":false,"_swt_meta_sticky_header":false,"_swt_meta_transparent_header":false,"footnotes":""},"class_list":["post-476","page","type-page","status-publish","hentry"],"uagb_featured_image_src":{"full":false,"thumbnail":false,"medium":false,"medium_large":false,"large":false,"1536x1536":false,"2048x2048":false},"uagb_author_info":{"display_name":"Sascha Pieper","author_link":"https:\/\/staging.pilgrim-gmbh.de\/?author=2"},"uagb_comment_info":0,"uagb_excerpt":"Fr\u00e4sen Unsere Leistungen umfassen neben dem traditionellen Verzahnen im Abw\u00e4lzverfahren auch das moderne Fr\u00e4sen von Zahn- und Kegelr\u00e4dern im Freiformverfahren. Dies erfolgt auf einem hochpr\u00e4zisen 5-Achsen-Bearbeitungszentrum, das es uns erm\u00f6glicht, eine Vielzahl an Zahnformen, -profilen und -tragbildern nach individuellen Anforderungen zu fertigen. Unsere Fertigungsm\u00f6glichkeiten, k\u00f6nnen Sie an Hand der Maschinenaufstellung sehen. Abw\u00e4lzfr\u00e4smaschinen Pfauter P1503\/1800B Pfauter&hellip;","_links":{"self":[{"href":"https:\/\/staging.pilgrim-gmbh.de\/index.php?rest_route=\/wp\/v2\/pages\/476","targetHints":{"allow":["GET"]}}],"collection":[{"href":"https:\/\/staging.pilgrim-gmbh.de\/index.php?rest_route=\/wp\/v2\/pages"}],"about":[{"href":"https:\/\/staging.pilgrim-gmbh.de\/index.php?rest_route=\/wp\/v2\/types\/page"}],"author":[{"embeddable":true,"href":"https:\/\/staging.pilgrim-gmbh.de\/index.php?rest_route=\/wp\/v2\/users\/2"}],"replies":[{"embeddable":true,"href":"https:\/\/staging.pilgrim-gmbh.de\/index.php?rest_route=%2Fwp%2Fv2%2Fcomments&post=476"}],"version-history":[{"count":13,"href":"https:\/\/staging.pilgrim-gmbh.de\/index.php?rest_route=\/wp\/v2\/pages\/476\/revisions"}],"predecessor-version":[{"id":585,"href":"https:\/\/staging.pilgrim-gmbh.de\/index.php?rest_route=\/wp\/v2\/pages\/476\/revisions\/585"}],"wp:attachment":[{"href":"https:\/\/staging.pilgrim-gmbh.de\/index.php?rest_route=%2Fwp%2Fv2%2Fmedia&parent=476"}],"curies":[{"name":"wp","href":"https:\/\/api.w.org\/{rel}","templated":true}]}}