{"id":486,"date":"2025-11-05T16:56:40","date_gmt":"2025-11-05T15:56:40","guid":{"rendered":"https:\/\/staging.pilgrim-gmbh.de\/?page_id=486"},"modified":"2025-12-05T10:39:56","modified_gmt":"2025-12-05T09:39:56","slug":"drehen","status":"publish","type":"page","link":"https:\/\/staging.pilgrim-gmbh.de\/?page_id=486","title":{"rendered":"Drehen"},"content":{"rendered":"\n<div class=\"wp-block-uagb-container uagb-block-b7b17e76 alignfull uagb-is-root-container\">\n<h1 class=\"wp-block-heading has-text-align-center\" style=\"border-style:none;border-width:0px\">Drehen<\/h1>\n<\/div>\n\n\n\n<div class=\"wp-block-uagb-container uagb-block-cc51e37a alignfull uagb-is-root-container\">\n<div class=\"wp-block-uagb-container uagb-block-8db7bd8c\">\n<p class=\"has-small-font-size\" style=\"font-style:normal;font-weight:500\">Mit unseren modernen CNC- und zyklengesteuerten Drehmaschinen bearbeiten wir eine breite Vielfalt an Wellen und R\u00e4dern, um diese f\u00fcr den n\u00e4chsten Fertigungsschritt vorzubereiten. Neben der Weichbearbeitung werden Werkst\u00fccke ebenso im geh\u00e4rteten Zustand bearbeitet. Dabei k\u00f6nnen wir auch gro\u00dfe Werkst\u00fccke mit einem Durchmesser von bis zu 2 m und einer L\u00e4nge von bis zu 3 m effizient bearbeiten.<\/p>\n\n\n\n<figure class=\"wp-block-table is-style-stripes\"><table class=\"has-fixed-layout\"><thead><tr><th>Drehmaschinen<\/th><th><\/th><th><\/th><\/tr><\/thead><tbody><tr><td>Gildemeister<\/td><td>CT60<\/td><td>\u00d8 bis 350\/2000<\/td><\/tr><tr><td>MAG<\/td><td>VDF560 DUS<\/td><td>\u00d8 bis 570\/2000<\/td><\/tr><tr><td>Wohlenberg<\/td><td>V1000<\/td><td>\u00d8 bis 1040\/3000<\/td><\/tr><tr><td>Tongil<\/td><td>TIPL 4<\/td><td>\u00d8 bis 180\/700<\/td><\/tr><tr><td>Boehringer<\/td><td>DUS 400 ti<\/td><td>\u00d8 bis 250\/1000<\/td><\/tr><tr><td>Boehringer<\/td><td>DUS 800 ti<\/td><td>\u00d8 bis 820\/2000<\/td><\/tr><\/tbody><\/table><\/figure>\n<\/div>\n\n\n\n<div class=\"wp-block-uagb-container uagb-block-d139fe09\">\n<div class=\"wp-block-uagb-image aligncenter uagb-block-121deaa3 wp-block-uagb-image--layout-default wp-block-uagb-image--effect-static wp-block-uagb-image--align-center\"><figure class=\"wp-block-uagb-image__figure\"><img loading=\"lazy\" decoding=\"async\" srcset=\"https:\/\/staging.pilgrim-gmbh.de\/wp-content\/uploads\/2025\/11\/pilgrim_body_drehen01.png ,https:\/\/staging.pilgrim-gmbh.de\/wp-content\/uploads\/2025\/11\/pilgrim_body_drehen01.png 780w, https:\/\/staging.pilgrim-gmbh.de\/wp-content\/uploads\/2025\/11\/pilgrim_body_drehen01.png 360w\" sizes=\"auto, (max-width: 480px) 150px\" src=\"https:\/\/staging.pilgrim-gmbh.de\/wp-content\/uploads\/2025\/11\/pilgrim_body_drehen01.png\" alt=\"\" class=\"uag-image-488\" width=\"350\" height=\"250\" title=\"pilgrim_body_drehen01\" role=\"img\"\/><\/figure><\/div>\n\n\n\n<div class=\"wp-block-uagb-image aligncenter uagb-block-2ebd01ad wp-block-uagb-image--layout-default wp-block-uagb-image--effect-static wp-block-uagb-image--align-center\"><figure class=\"wp-block-uagb-image__figure\"><img loading=\"lazy\" decoding=\"async\" srcset=\"https:\/\/staging.pilgrim-gmbh.de\/wp-content\/uploads\/2025\/11\/pilgrim_body_drehen02.png ,https:\/\/staging.pilgrim-gmbh.de\/wp-content\/uploads\/2025\/11\/pilgrim_body_drehen02.png 780w, https:\/\/staging.pilgrim-gmbh.de\/wp-content\/uploads\/2025\/11\/pilgrim_body_drehen02.png 360w\" sizes=\"auto, (max-width: 480px) 150px\" src=\"https:\/\/staging.pilgrim-gmbh.de\/wp-content\/uploads\/2025\/11\/pilgrim_body_drehen02.png\" alt=\"\" class=\"uag-image-489\" width=\"350\" height=\"250\" title=\"pilgrim_body_drehen02\" role=\"img\"\/><\/figure><\/div>\n<\/div>\n<\/div>\n","protected":false},"excerpt":{"rendered":"<p>Drehen Mit unseren modernen CNC- und zyklengesteuerten Drehmaschinen bearbeiten wir eine breite Vielfalt an Wellen und R\u00e4dern, um diese f\u00fcr den n\u00e4chsten Fertigungsschritt vorzubereiten. Neben der Weichbearbeitung werden Werkst\u00fccke ebenso im geh\u00e4rteten Zustand bearbeitet. Dabei k\u00f6nnen wir auch gro\u00dfe Werkst\u00fccke mit einem Durchmesser von bis zu 2 m und einer L\u00e4nge von bis zu 3 [&hellip;]<\/p>\n","protected":false},"author":2,"featured_media":0,"parent":0,"menu_order":0,"comment_status":"closed","ping_status":"closed","template":"","meta":{"_uag_custom_page_level_css":"","_swt_meta_header_display":false,"_swt_meta_footer_display":false,"_swt_meta_site_title_display":false,"_swt_meta_sticky_header":false,"_swt_meta_transparent_header":false,"footnotes":""},"class_list":["post-486","page","type-page","status-publish","hentry"],"uagb_featured_image_src":{"full":false,"thumbnail":false,"medium":false,"medium_large":false,"large":false,"1536x1536":false,"2048x2048":false},"uagb_author_info":{"display_name":"Sascha Pieper","author_link":"https:\/\/staging.pilgrim-gmbh.de\/?author=2"},"uagb_comment_info":0,"uagb_excerpt":"Drehen Mit unseren modernen CNC- und zyklengesteuerten Drehmaschinen bearbeiten wir eine breite Vielfalt an Wellen und R\u00e4dern, um diese f\u00fcr den n\u00e4chsten Fertigungsschritt vorzubereiten. Neben der Weichbearbeitung werden Werkst\u00fccke ebenso im geh\u00e4rteten Zustand bearbeitet. Dabei k\u00f6nnen wir auch gro\u00dfe Werkst\u00fccke mit einem Durchmesser von bis zu 2 m und einer L\u00e4nge von bis zu 3&hellip;","_links":{"self":[{"href":"https:\/\/staging.pilgrim-gmbh.de\/index.php?rest_route=\/wp\/v2\/pages\/486","targetHints":{"allow":["GET"]}}],"collection":[{"href":"https:\/\/staging.pilgrim-gmbh.de\/index.php?rest_route=\/wp\/v2\/pages"}],"about":[{"href":"https:\/\/staging.pilgrim-gmbh.de\/index.php?rest_route=\/wp\/v2\/types\/page"}],"author":[{"embeddable":true,"href":"https:\/\/staging.pilgrim-gmbh.de\/index.php?rest_route=\/wp\/v2\/users\/2"}],"replies":[{"embeddable":true,"href":"https:\/\/staging.pilgrim-gmbh.de\/index.php?rest_route=%2Fwp%2Fv2%2Fcomments&post=486"}],"version-history":[{"count":10,"href":"https:\/\/staging.pilgrim-gmbh.de\/index.php?rest_route=\/wp\/v2\/pages\/486\/revisions"}],"predecessor-version":[{"id":576,"href":"https:\/\/staging.pilgrim-gmbh.de\/index.php?rest_route=\/wp\/v2\/pages\/486\/revisions\/576"}],"wp:attachment":[{"href":"https:\/\/staging.pilgrim-gmbh.de\/index.php?rest_route=%2Fwp%2Fv2%2Fmedia&parent=486"}],"curies":[{"name":"wp","href":"https:\/\/api.w.org\/{rel}","templated":true}]}}