{"id":494,"date":"2025-11-05T17:14:22","date_gmt":"2025-11-05T16:14:22","guid":{"rendered":"https:\/\/staging.pilgrim-gmbh.de\/?page_id=494"},"modified":"2025-12-05T11:55:33","modified_gmt":"2025-12-05T10:55:33","slug":"waermebehandeln-einsatzhaerten","status":"publish","type":"page","link":"https:\/\/staging.pilgrim-gmbh.de\/?page_id=494","title":{"rendered":"W\u00e4rmebehandeln"},"content":{"rendered":"\n<div class=\"wp-block-uagb-container uagb-block-b7b17e76 alignfull uagb-is-root-container\">\n<h1 class=\"wp-block-heading has-text-align-center\" style=\"border-style:none;border-width:0px\">W\u00e4rmebehandeln &amp; Einsatzh\u00e4rten<\/h1>\n<\/div>\n\n\n\n<div class=\"wp-block-uagb-container uagb-block-cc51e37a alignfull uagb-is-root-container\">\n<div class=\"wp-block-uagb-container uagb-block-8db7bd8c\">\n<p class=\"has-text-align-left has-small-font-size\" style=\"font-style:normal;font-weight:500\">Bei der Herstellung unserer Werkst\u00fccke kommt dem W\u00e4rmebehandeln eine zentrale Rolle zu. In Kooperation mit unseren W\u00e4rmebehandlungspartnern werden bedarfsgerechte Behandlungen durchgef\u00fchrt.<br><br>\u2022 Gl\u00fchen<br>\u2022 Verg\u00fcten<br>\u2022 Einsatzh\u00e4rten<br>\u2022 Gasnitrieren<br>\u2022 Badnitrieren<br>\u2022 Plasmanitrieren<br>\u2022 Flammh\u00e4rten<br>\u2022 Induktivh\u00e4rten<br>\u2022 Richten<br>\u2022 Br\u00fcnieren<\/p>\n<\/div>\n\n\n\n<div class=\"wp-block-uagb-image aligncenter uagb-block-121deaa3 wp-block-uagb-image--layout-default wp-block-uagb-image--effect-static wp-block-uagb-image--align-center\"><figure class=\"wp-block-uagb-image__figure\"><img loading=\"lazy\" decoding=\"async\" srcset=\"https:\/\/staging.pilgrim-gmbh.de\/wp-content\/uploads\/2025\/11\/pilgrim_body_einsatzhaerten.png ,https:\/\/staging.pilgrim-gmbh.de\/wp-content\/uploads\/2025\/11\/pilgrim_body_einsatzhaerten.png 780w, https:\/\/staging.pilgrim-gmbh.de\/wp-content\/uploads\/2025\/11\/pilgrim_body_einsatzhaerten.png 360w\" sizes=\"auto, (max-width: 480px) 150px\" src=\"https:\/\/staging.pilgrim-gmbh.de\/wp-content\/uploads\/2025\/11\/pilgrim_body_einsatzhaerten.png\" alt=\"\" class=\"uag-image-496\" width=\"350\" height=\"250\" title=\"pilgrim_body_einsatzhaerten\" role=\"img\"\/><\/figure><\/div>\n<\/div>\n","protected":false},"excerpt":{"rendered":"<p>W\u00e4rmebehandeln &amp; Einsatzh\u00e4rten Bei der Herstellung unserer Werkst\u00fccke kommt dem W\u00e4rmebehandeln eine zentrale Rolle zu. In Kooperation mit unseren W\u00e4rmebehandlungspartnern werden bedarfsgerechte Behandlungen durchgef\u00fchrt. \u2022 Gl\u00fchen\u2022 Verg\u00fcten\u2022 Einsatzh\u00e4rten\u2022 Gasnitrieren\u2022 Badnitrieren\u2022 Plasmanitrieren\u2022 Flammh\u00e4rten\u2022 Induktivh\u00e4rten\u2022 Richten\u2022 Br\u00fcnieren<\/p>\n","protected":false},"author":2,"featured_media":0,"parent":0,"menu_order":0,"comment_status":"closed","ping_status":"closed","template":"","meta":{"_uag_custom_page_level_css":"","_swt_meta_header_display":false,"_swt_meta_footer_display":false,"_swt_meta_site_title_display":false,"_swt_meta_sticky_header":false,"_swt_meta_transparent_header":false,"footnotes":""},"class_list":["post-494","page","type-page","status-publish","hentry"],"uagb_featured_image_src":{"full":false,"thumbnail":false,"medium":false,"medium_large":false,"large":false,"1536x1536":false,"2048x2048":false},"uagb_author_info":{"display_name":"Sascha Pieper","author_link":"https:\/\/staging.pilgrim-gmbh.de\/?author=2"},"uagb_comment_info":0,"uagb_excerpt":"W\u00e4rmebehandeln &amp; Einsatzh\u00e4rten Bei der Herstellung unserer Werkst\u00fccke kommt dem W\u00e4rmebehandeln eine zentrale Rolle zu. In Kooperation mit unseren W\u00e4rmebehandlungspartnern werden bedarfsgerechte Behandlungen durchgef\u00fchrt. \u2022 Gl\u00fchen\u2022 Verg\u00fcten\u2022 Einsatzh\u00e4rten\u2022 Gasnitrieren\u2022 Badnitrieren\u2022 Plasmanitrieren\u2022 Flammh\u00e4rten\u2022 Induktivh\u00e4rten\u2022 Richten\u2022 Br\u00fcnieren","_links":{"self":[{"href":"https:\/\/staging.pilgrim-gmbh.de\/index.php?rest_route=\/wp\/v2\/pages\/494","targetHints":{"allow":["GET"]}}],"collection":[{"href":"https:\/\/staging.pilgrim-gmbh.de\/index.php?rest_route=\/wp\/v2\/pages"}],"about":[{"href":"https:\/\/staging.pilgrim-gmbh.de\/index.php?rest_route=\/wp\/v2\/types\/page"}],"author":[{"embeddable":true,"href":"https:\/\/staging.pilgrim-gmbh.de\/index.php?rest_route=\/wp\/v2\/users\/2"}],"replies":[{"embeddable":true,"href":"https:\/\/staging.pilgrim-gmbh.de\/index.php?rest_route=%2Fwp%2Fv2%2Fcomments&post=494"}],"version-history":[{"count":10,"href":"https:\/\/staging.pilgrim-gmbh.de\/index.php?rest_route=\/wp\/v2\/pages\/494\/revisions"}],"predecessor-version":[{"id":589,"href":"https:\/\/staging.pilgrim-gmbh.de\/index.php?rest_route=\/wp\/v2\/pages\/494\/revisions\/589"}],"wp:attachment":[{"href":"https:\/\/staging.pilgrim-gmbh.de\/index.php?rest_route=%2Fwp%2Fv2%2Fmedia&parent=494"}],"curies":[{"name":"wp","href":"https:\/\/api.w.org\/{rel}","templated":true}]}}